{"id":411,"date":"2023-11-14T05:46:18","date_gmt":"2023-11-14T05:46:18","guid":{"rendered":"https:\/\/geogaceta.geofisica.unam.mx\/?page_id=411"},"modified":"2026-02-10T23:45:13","modified_gmt":"2026-02-11T05:45:13","slug":"comite-editorial","status":"publish","type":"page","link":"https:\/\/geogaceta.geofisica.unam.mx\/index.php\/comite-editorial\/","title":{"rendered":"Comit\u00e9 Editorial"},"content":{"rendered":"\t\t<div data-elementor-type=\"wp-page\" data-elementor-id=\"411\" class=\"elementor elementor-411\">\n\t\t\t\t<div class=\"elementor-element elementor-element-9e4126f e-flex e-con-boxed e-con e-parent\" data-id=\"9e4126f\" data-element_type=\"container\">\n\t\t\t\t\t<div class=\"e-con-inner\">\n\t\t\t\t<div class=\"elementor-element elementor-element-00608db elementor-widget elementor-widget-heading\" data-id=\"00608db\" data-element_type=\"widget\" data-widget_type=\"heading.default\">\n\t\t\t\t<div class=\"elementor-widget-container\">\n\t\t\t<style>\/*! elementor - v3.23.0 - 05-08-2024 *\/\n.elementor-heading-title{padding:0;margin:0;line-height:1}.elementor-widget-heading .elementor-heading-title[class*=elementor-size-]>a{color:inherit;font-size:inherit;line-height:inherit}.elementor-widget-heading .elementor-heading-title.elementor-size-small{font-size:15px}.elementor-widget-heading .elementor-heading-title.elementor-size-medium{font-size:19px}.elementor-widget-heading .elementor-heading-title.elementor-size-large{font-size:29px}.elementor-widget-heading .elementor-heading-title.elementor-size-xl{font-size:39px}.elementor-widget-heading .elementor-heading-title.elementor-size-xxl{font-size:59px}<\/style><h2 class=\"elementor-heading-title elementor-size-default\">Integrantes<\/h2>\t\t<\/div>\n\t\t\t\t<\/div>\n\t\t\t\t<div class=\"elementor-element elementor-element-9a31a1c elementor-widget elementor-widget-spacer\" data-id=\"9a31a1c\" data-element_type=\"widget\" data-widget_type=\"spacer.default\">\n\t\t\t\t<div class=\"elementor-widget-container\">\n\t\t\t<style>\/*! elementor - v3.23.0 - 05-08-2024 *\/\n.elementor-column .elementor-spacer-inner{height:var(--spacer-size)}.e-con{--container-widget-width:100%}.e-con-inner>.elementor-widget-spacer,.e-con>.elementor-widget-spacer{width:var(--container-widget-width,var(--spacer-size));--align-self:var(--container-widget-align-self,initial);--flex-shrink:0}.e-con-inner>.elementor-widget-spacer>.elementor-widget-container,.e-con>.elementor-widget-spacer>.elementor-widget-container{height:100%;width:100%}.e-con-inner>.elementor-widget-spacer>.elementor-widget-container>.elementor-spacer,.e-con>.elementor-widget-spacer>.elementor-widget-container>.elementor-spacer{height:100%}.e-con-inner>.elementor-widget-spacer>.elementor-widget-container>.elementor-spacer>.elementor-spacer-inner,.e-con>.elementor-widget-spacer>.elementor-widget-container>.elementor-spacer>.elementor-spacer-inner{height:var(--container-widget-height,var(--spacer-size))}.e-con-inner>.elementor-widget-spacer.elementor-widget-empty,.e-con>.elementor-widget-spacer.elementor-widget-empty{position:relative;min-height:22px;min-width:22px}.e-con-inner>.elementor-widget-spacer.elementor-widget-empty .elementor-widget-empty-icon,.e-con>.elementor-widget-spacer.elementor-widget-empty .elementor-widget-empty-icon{position:absolute;top:0;bottom:0;left:0;right:0;margin:auto;padding:0;width:22px;height:22px}<\/style>\t\t<div class=\"elementor-spacer\">\n\t\t\t<div class=\"elementor-spacer-inner\"><\/div>\n\t\t<\/div>\n\t\t\t\t<\/div>\n\t\t\t\t<\/div>\n\t\t\t\t<div class=\"elementor-element elementor-element-3013a4c elementor-widget elementor-widget-text-editor\" data-id=\"3013a4c\" data-element_type=\"widget\" data-widget_type=\"text-editor.default\">\n\t\t\t\t<div class=\"elementor-widget-container\">\n\t\t\t<style>\/*! elementor - v3.23.0 - 05-08-2024 *\/\n.elementor-widget-text-editor.elementor-drop-cap-view-stacked .elementor-drop-cap{background-color:#69727d;color:#fff}.elementor-widget-text-editor.elementor-drop-cap-view-framed .elementor-drop-cap{color:#69727d;border:3px solid;background-color:transparent}.elementor-widget-text-editor:not(.elementor-drop-cap-view-default) .elementor-drop-cap{margin-top:8px}.elementor-widget-text-editor:not(.elementor-drop-cap-view-default) .elementor-drop-cap-letter{width:1em;height:1em}.elementor-widget-text-editor .elementor-drop-cap{float:left;text-align:center;line-height:1;font-size:50px}.elementor-widget-text-editor .elementor-drop-cap-letter{display:inline-block}<\/style>\t\t\t\t<p><span style=\"color: #000000;\">El Comit\u00e9 Editorial acordar\u00e1, de manera colegiada, el tema central de la publicaci\u00f3n bimestral, el o los art\u00edculos de divulgaci\u00f3n, el instrumento, la secci\u00f3n de los art\u00edculos, entrevista e investigaci\u00f3n que se publicar\u00e1n. Adem\u00e1s de supervisar la calidad de los contenidos propuestos. La planeaci\u00f3n ser\u00e1 calendarizada de forma anual y en caso de que haya un tema emergente, el Comit\u00e9 sesionar\u00e1 para discutir su inclusi\u00f3n en el n\u00famero m\u00e1s pr\u00f3ximo.<\/span><\/p><p>\u00a0<\/p><p><span style=\"color: #000000;\"><strong>Funciones e integrantes<\/strong><\/span><\/p><p><span style=\"color: #000000;\">El Comit\u00e9 Editorial acordar\u00e1, de manera colegiada, el tema central de la publicaci\u00f3n trimestral, el o los art\u00edculos de divulgaci\u00f3n, el instrumento, la secci\u00f3n de los art\u00edculos, entrevista e investigaci\u00f3n que se publicar\u00e1n. La planeaci\u00f3n ser\u00e1 calendarizada de forma anual y en caso de que haya un tema emergente, el Comit\u00e9 sesionar\u00e1 para discutir su inclusi\u00f3n en el n\u00famero m\u00e1s pr\u00f3ximo.<\/span><\/p>\t\t\t\t\t\t<\/div>\n\t\t\t\t<\/div>\n\t\t\t\t\t<\/div>\n\t\t\t\t<\/div>\n\t\t<div class=\"elementor-element elementor-element-cd89ea1 e-con-full e-flex e-con e-parent\" data-id=\"cd89ea1\" data-element_type=\"container\">\n\t\t<div class=\"elementor-element elementor-element-cec1dcf e-con-full e-flex e-con e-child\" data-id=\"cec1dcf\" data-element_type=\"container\">\n\t\t\t\t<div class=\"elementor-element elementor-element-2f97758 elementor-widget elementor-widget-text-editor\" data-id=\"2f97758\" data-element_type=\"widget\" data-widget_type=\"text-editor.default\">\n\t\t\t\t<div class=\"elementor-widget-container\">\n\t\t\t\t\t\t\t<p style=\"text-align: right;\"><strong>Dra. Diana Ivett Rojas Castillo<\/strong><\/p><p style=\"text-align: right;\"><strong>Dra. Ligia Lucina P\u00e9rez Cruz<\/strong><\/p><p style=\"text-align: right;\"><strong>Dra. Nelly Lucero Ram\u00edrez Serrato<\/strong><\/p><p style=\"text-align: right;\"><strong>Dr. Raymundo Omar Plata Mart\u00ednez<\/strong><\/p><p style=\"text-align: right;\"><strong>Dra. Marie Noelle Guilbaud<\/strong><\/p><p style=\"text-align: right;\"><strong>Dr. Julio C\u00e9sar Mej\u00eda Ambriz<\/strong><\/p><p style=\"text-align: right;\"><strong>Dr. Mauro Germ\u00e1n Vald\u00e9s Barr\u00f3n<\/strong><\/p><p style=\"text-align: right;\"><strong>Dra. Dolores Maravilla Meza<\/strong><\/p><p style=\"text-align: right;\"><strong>Dr. Gerardo Cifuentes Nava<\/strong><\/p><p style=\"text-align: right;\"><strong>Mtra. Catalina Armend\u00e1riz Beltr\u00e1n<\/strong><\/p><p style=\"text-align: right;\"><strong>Dra. Ana Soler Arechalde<\/strong><\/p>\t\t\t\t\t\t<\/div>\n\t\t\t\t<\/div>\n\t\t\t\t<\/div>\n\t\t<div class=\"elementor-element elementor-element-10b62e2 e-con-full e-flex e-con e-child\" data-id=\"10b62e2\" data-element_type=\"container\">\n\t\t\t\t<div class=\"elementor-element elementor-element-9b2abe4 elementor-widget elementor-widget-text-editor\" data-id=\"9b2abe4\" data-element_type=\"widget\" data-widget_type=\"text-editor.default\">\n\t\t\t\t<div class=\"elementor-widget-container\">\n\t\t\t\t\t\t\t<p>Departamento de Ciencias Espaciales<\/p><p>Departamento de Geomagnetismo y Exploraci\u00f3n Geof\u00edsica<\/p><p>Departamento de Recursos Naturales<\/p><p>Departamento de Sismolog\u00eda<\/p><p>Departamento de Vulcanolog\u00eda<\/p><p>Unidad Michoac\u00e1n<\/p><p>Secci\u00f3n de Radiaci\u00f3n Solar<\/p><p>Secci\u00f3n de Riesgos Espaciales<\/p><p>Servicios Geof\u00edsicos<\/p><p><span style=\"color: var( --e-global-color-text ); font-family: var( --e-global-typography-text-font-family ), Sans-serif; font-weight: var( --e-global-typography-text-font-weight ); text-align: var(--text-align);\">Unidad de Divulgaci\u00f3n de la Ciencia<\/span><\/p><p><span style=\"color: var( --e-global-color-text ); font-family: var( --e-global-typography-text-font-family ), Sans-serif; font-weight: var( --e-global-typography-text-font-weight ); text-align: var(--text-align);\">Coordinaci\u00f3n de Comunicaci\u00f3n<\/span><\/p>\t\t\t\t\t\t<\/div>\n\t\t\t\t<\/div>\n\t\t\t\t<\/div>\n\t\t\t\t<\/div>\n\t\t\t\t<\/div>\n\t\t","protected":false},"excerpt":{"rendered":"<p>Integrantes El Comit\u00e9 Editorial acordar\u00e1, de manera colegiada, el tema central de la publicaci\u00f3n bimestral, el o los art\u00edculos de divulgaci\u00f3n, el instrumento, la secci\u00f3n de los art\u00edculos, entrevista e investigaci\u00f3n que se publicar\u00e1n. Adem\u00e1s de supervisar la calidad de los contenidos propuestos. La planeaci\u00f3n ser\u00e1 calendarizada de forma anual y en caso de que [&hellip;]<\/p>\n","protected":false},"author":1,"featured_media":0,"parent":0,"menu_order":0,"comment_status":"closed","ping_status":"closed","template":"","meta":{"footnotes":""},"class_list":["post-411","page","type-page","status-publish","hentry"],"aioseo_notices":[],"_links":{"self":[{"href":"https:\/\/geogaceta.geofisica.unam.mx\/index.php\/wp-json\/wp\/v2\/pages\/411","targetHints":{"allow":["GET"]}}],"collection":[{"href":"https:\/\/geogaceta.geofisica.unam.mx\/index.php\/wp-json\/wp\/v2\/pages"}],"about":[{"href":"https:\/\/geogaceta.geofisica.unam.mx\/index.php\/wp-json\/wp\/v2\/types\/page"}],"author":[{"embeddable":true,"href":"https:\/\/geogaceta.geofisica.unam.mx\/index.php\/wp-json\/wp\/v2\/users\/1"}],"replies":[{"embeddable":true,"href":"https:\/\/geogaceta.geofisica.unam.mx\/index.php\/wp-json\/wp\/v2\/comments?post=411"}],"version-history":[{"count":13,"href":"https:\/\/geogaceta.geofisica.unam.mx\/index.php\/wp-json\/wp\/v2\/pages\/411\/revisions"}],"predecessor-version":[{"id":3388,"href":"https:\/\/geogaceta.geofisica.unam.mx\/index.php\/wp-json\/wp\/v2\/pages\/411\/revisions\/3388"}],"wp:attachment":[{"href":"https:\/\/geogaceta.geofisica.unam.mx\/index.php\/wp-json\/wp\/v2\/media?parent=411"}],"curies":[{"name":"wp","href":"https:\/\/api.w.org\/{rel}","templated":true}]}}